{"id":38,"date":"2019-11-01T16:08:53","date_gmt":"2019-11-01T16:08:53","guid":{"rendered":"http:\/\/villamauicapecoral.com\/?page_id=38"},"modified":"2022-05-06T13:32:22","modified_gmt":"2022-05-06T13:32:22","slug":"impressum","status":"publish","type":"page","link":"https:\/\/villamauicapecoral.com\/home\/impressum\/","title":{"rendered":"Impressum"},"content":{"rendered":"<h2>Impressum<\/h2>\n<p>Sandra&nbsp; H\u00f6lzel<\/p>\n<p>3322 SW 11th. Pl.<\/p>\n<p>33914 Cape Coral \/ Florida USA<\/p>\n<p><u>Kontakt:<\/u><\/p>\n<p>villamaui-capecoral@web.de<\/p>\n<p>+49 173 640 26 96&nbsp;<\/p>\n<h2>Datenschutz<\/h2>\n<p>Bei der Nutzung unserer Website werden Sie eventuell um die Angabe pers\u00f6nlicher Informationen gebeten. Die Beantwortung dieser Fragen ist freiwillig. Ihre pers\u00f6nlichen Daten werden entsprechend den deutschen Datenschutzbestimmungen elektronisch gespeichert und zum Zweck der Kontaktaufnahme verarbeitet. Sie k\u00f6nnen die Einwilligung jederzeit widerrufen.&nbsp;<\/p>\n<p>Urheberrechte \u00a9 Copyright Sandra H\u00f6lzel<\/p>\n<p>Alle Rechte vorbehalten, Text, Bilder, Grafiken, Sound, Animationen und Videos sowie deren Anordnung auf unserer Website unterliegen dem Schutz des Urheberrechts und anderer Schutzgesetze. Der Inhalt dieser Website darf nicht zu kommerziellen Zwecken kopiert, verbreitet, ver\u00e4ndert oder Dritten zug\u00e4nglich gemacht werden.<\/p>\n<h2>Haftungsausschluss<\/h2>\n<p>Diese Website wurde mit gr\u00f6\u00dftm\u00f6glicher Sorgfalt zusammengestellt. Trotzdem kann keine Gew\u00e4hr f\u00fcr die Fehlerfreiheit und Genauigkeit der enthaltenen Informationen \u00fcbernommen werden. Jegliche Haftung f\u00fcr Sch\u00e4den, die direkt oder indirekt aus der Benutzung dieser Website entstehen, wird ausgeschlossen, soweit diese nicht auf Vorsatz oder grober Fahrl\u00e4ssigkeit beruhen. F\u00fcr Inhalte externer Web-Seiten, die durch direkte Links von unseren Seiten erreichbar sind, \u00fcbernehmen wir trotz sorgf\u00e4ltiger Kontrolle keine Verantwortung. F\u00fcr die Inhalte dieser Seiten sind ausschlie\u00dflich deren Betreiber verantwortlich.<\/p>\n","protected":false},"excerpt":{"rendered":"<p>Impressum Sandra&nbsp; H\u00f6lzel 3322 SW 11th. Pl. 33914 Cape Coral \/ Florida USA Kontakt: villamaui-capecoral@web.de +49 173 640 26 96&nbsp; Datenschutz Bei der Nutzung unserer Website werden Sie eventuell um die Angabe pers\u00f6nlicher Informationen gebeten. Die Beantwortung dieser Fragen ist freiwillig. Ihre pers\u00f6nlichen Daten werden entsprechend den deutschen Datenschutzbestimmungen elektronisch gespeichert und zum Zweck der [&hellip;]<\/p>\n","protected":false},"author":1,"featured_media":0,"parent":0,"menu_order":0,"comment_status":"closed","ping_status":"closed","template":"","meta":{"ocean_post_layout":"full-screen","ocean_both_sidebars_style":"","ocean_both_sidebars_content_width":0,"ocean_both_sidebars_sidebars_width":0,"ocean_sidebar":"0","ocean_second_sidebar":"0","ocean_disable_margins":"enable","ocean_add_body_class":"","ocean_shortcode_before_top_bar":"","ocean_shortcode_after_top_bar":"","ocean_shortcode_before_header":"","ocean_shortcode_after_header":"","ocean_has_shortcode":"","ocean_shortcode_after_title":"","ocean_shortcode_before_footer_widgets":"","ocean_shortcode_after_footer_widgets":"","ocean_shortcode_before_footer_bottom":"","ocean_shortcode_after_footer_bottom":"","ocean_display_top_bar":"default","ocean_display_header":"default","ocean_header_style":"","ocean_center_header_left_menu":"0","ocean_custom_header_template":"0","ocean_custom_logo":0,"ocean_custom_retina_logo":0,"ocean_custom_logo_max_width":0,"ocean_custom_logo_tablet_max_width":0,"ocean_custom_logo_mobile_max_width":0,"ocean_custom_logo_max_height":0,"ocean_custom_logo_tablet_max_height":0,"ocean_custom_logo_mobile_max_height":0,"ocean_header_custom_menu":"0","ocean_menu_typo_font_family":"0","ocean_menu_typo_font_subset":"","ocean_menu_typo_font_size":0,"ocean_menu_typo_font_size_tablet":0,"ocean_menu_typo_font_size_mobile":0,"ocean_menu_typo_font_size_unit":"px","ocean_menu_typo_font_weight":"","ocean_menu_typo_font_weight_tablet":"","ocean_menu_typo_font_weight_mobile":"","ocean_menu_typo_transform":"","ocean_menu_typo_transform_tablet":"","ocean_menu_typo_transform_mobile":"","ocean_menu_typo_line_height":0,"ocean_menu_typo_line_height_tablet":0,"ocean_menu_typo_line_height_mobile":0,"ocean_menu_typo_line_height_unit":"","ocean_menu_typo_spacing":0,"ocean_menu_typo_spacing_tablet":0,"ocean_menu_typo_spacing_mobile":0,"ocean_menu_typo_spacing_unit":"","ocean_menu_link_color":"","ocean_menu_link_color_hover":"","ocean_menu_link_color_active":"","ocean_menu_link_background":"","ocean_menu_link_hover_background":"","ocean_menu_link_active_background":"","ocean_menu_social_links_bg":"","ocean_menu_social_hover_links_bg":"","ocean_menu_social_links_color":"","ocean_menu_social_hover_links_color":"","ocean_disable_title":"on","ocean_disable_heading":"default","ocean_post_title":"","ocean_post_subheading":"","ocean_post_title_style":"","ocean_post_title_background_color":"","ocean_post_title_background":0,"ocean_post_title_bg_image_position":"","ocean_post_title_bg_image_attachment":"","ocean_post_title_bg_image_repeat":"","ocean_post_title_bg_image_size":"","ocean_post_title_height":0,"ocean_post_title_bg_overlay":0.5,"ocean_post_title_bg_overlay_color":"","ocean_disable_breadcrumbs":"default","ocean_breadcrumbs_color":"","ocean_breadcrumbs_separator_color":"","ocean_breadcrumbs_links_color":"","ocean_breadcrumbs_links_hover_color":"","ocean_display_footer_widgets":"default","ocean_display_footer_bottom":"default","ocean_custom_footer_template":"0","_glsr_average":0,"_glsr_ranking":0,"_glsr_reviews":0,"footnotes":""},"class_list":["post-38","page","type-page","status-publish","hentry","entry"],"_links":{"self":[{"href":"https:\/\/villamauicapecoral.com\/home\/wp-json\/wp\/v2\/pages\/38"}],"collection":[{"href":"https:\/\/villamauicapecoral.com\/home\/wp-json\/wp\/v2\/pages"}],"about":[{"href":"https:\/\/villamauicapecoral.com\/home\/wp-json\/wp\/v2\/types\/page"}],"author":[{"embeddable":true,"href":"https:\/\/villamauicapecoral.com\/home\/wp-json\/wp\/v2\/users\/1"}],"replies":[{"embeddable":true,"href":"https:\/\/villamauicapecoral.com\/home\/wp-json\/wp\/v2\/comments?post=38"}],"version-history":[{"count":21,"href":"https:\/\/villamauicapecoral.com\/home\/wp-json\/wp\/v2\/pages\/38\/revisions"}],"predecessor-version":[{"id":1509,"href":"https:\/\/villamauicapecoral.com\/home\/wp-json\/wp\/v2\/pages\/38\/revisions\/1509"}],"wp:attachment":[{"href":"https:\/\/villamauicapecoral.com\/home\/wp-json\/wp\/v2\/media?parent=38"}],"curies":[{"name":"wp","href":"https:\/\/api.w.org\/{rel}","templated":true}]}}